{"id":7056,"date":"2023-03-14T17:03:06","date_gmt":"2023-03-14T17:03:06","guid":{"rendered":"https:\/\/ziveeri.com\/?post_type=product&#038;p=7056"},"modified":"2025-05-04T01:14:24","modified_gmt":"2025-05-04T01:14:24","slug":"urban-explorer","status":"publish","type":"product","link":"https:\/\/ziveeri.com\/index.php\/product\/urban-explorer\/","title":{"rendered":"Urban explorer"},"content":{"rendered":"<p>La veste Urban Explorer 100% cuir est le compagnon id\u00e9al pour vos aventures urbaines. Fabriqu\u00e9e \u00e0 partir de cuir marron fonc\u00e9 de qualit\u00e9 sup\u00e9rieure, cette veste est \u00e0 la fois durable et classe, ce qui en fait un choix id\u00e9al pour explorer le paysage urbain. Avec son design classique et sa couleur polyvalente, l&rsquo;Urban Explorer est un must pour toute personne souhaitant faire explorer la ville tout en restant prot\u00e9g\u00e9e des intemp\u00e9ries. Que vous soyez en train de vous rendre au travail, de sortir avec des amis ou simplement de faire une promenade dans le parc, la veste Urban Explorer est la veste parfaite pour vous. \u00c9levez vos aventures urbaines \u00e0 un autre niveau avec notre mod\u00e8le Urban Explorer!<\/p>\n<p>&nbsp;<\/p>\n<p>En plus du marron fonc\u00e9, l&rsquo;Urban Explorer est disponible en d&rsquo;autres couleurs \u00e9l\u00e9gantes. Pour trouver celle qui correspond \u00e0 votre style personnel, cliquez sur les boutons color\u00e9s ou faites-nous savoir si vous souhaitez une couleur sur mesure. \u00c9quipez-vous avec le compagnon parfait pour vos aventures urbaines gr\u00e2ce \u00e0 la veste en cuir Urban Explorer.<\/p>\n<p><strong>Guide des tailles:<\/strong><\/p>\n<p><img loading=\"lazy\" decoding=\"async\" class=\"aligncenter wp-image-7039 size-full\" src=\"https:\/\/ziveeri.com\/wp-content\/uploads\/2023\/02\/Screenshot-2023-02-13-184256.png\" alt=\"\" width=\"855\" height=\"190\" srcset=\"https:\/\/ziveeri.com\/wp-content\/uploads\/2023\/02\/Screenshot-2023-02-13-184256.png 855w, https:\/\/ziveeri.com\/wp-content\/uploads\/2023\/02\/Screenshot-2023-02-13-184256-700x156.png 700w, https:\/\/ziveeri.com\/wp-content\/uploads\/2023\/02\/Screenshot-2023-02-13-184256-300x67.png 300w, https:\/\/ziveeri.com\/wp-content\/uploads\/2023\/02\/Screenshot-2023-02-13-184256-768x171.png 768w\" sizes=\"(max-width: 855px) 100vw, 855px\" \/><\/p>\n","protected":false},"excerpt":{"rendered":"<p>La veste en cuir Noir Nomad est l&rsquo;exemple m\u00eame de la mode et de la praticit\u00e9. Con\u00e7ue \u00e0 partir de cuir noir de qualit\u00e9 sup\u00e9rieure, cette veste offre une protection in\u00e9galable contre les intemp\u00e9ries tout en donnant \u00e0 son porteur un look chic et \u00e9nigmatique.<\/p>\n<p><img loading=\"lazy\" decoding=\"async\" class=\"alignnone size-medium wp-image-6955 aligncenter\" src=\"https:\/\/ziveeri.com\/wp-content\/uploads\/2023\/02\/100leather-1-300x101.png\" alt=\"\" width=\"300\" height=\"101\" srcset=\"https:\/\/ziveeri.com\/wp-content\/uploads\/2023\/02\/100leather-1-300x101.png 300w, https:\/\/ziveeri.com\/wp-content\/uploads\/2023\/02\/100leather-1.png 534w\" sizes=\"(max-width: 300px) 100vw, 300px\" \/><\/p>\n","protected":false},"featured_media":7209,"comment_status":"open","ping_status":"closed","template":"","meta":[],"product_cat":[129],"product_tag":[],"class_list":["post-7056","product","type-product","status-publish","has-post-thumbnail","hentry","product_cat-veste-cuir-maroc"],"_links":{"self":[{"href":"https:\/\/ziveeri.com\/index.php\/wp-json\/wp\/v2\/product\/7056"}],"collection":[{"href":"https:\/\/ziveeri.com\/index.php\/wp-json\/wp\/v2\/product"}],"about":[{"href":"https:\/\/ziveeri.com\/index.php\/wp-json\/wp\/v2\/types\/product"}],"replies":[{"embeddable":true,"href":"https:\/\/ziveeri.com\/index.php\/wp-json\/wp\/v2\/comments?post=7056"}],"wp:featuredmedia":[{"embeddable":true,"href":"https:\/\/ziveeri.com\/index.php\/wp-json\/wp\/v2\/media\/7209"}],"wp:attachment":[{"href":"https:\/\/ziveeri.com\/index.php\/wp-json\/wp\/v2\/media?parent=7056"}],"wp:term":[{"taxonomy":"product_cat","embeddable":true,"href":"https:\/\/ziveeri.com\/index.php\/wp-json\/wp\/v2\/product_cat?post=7056"},{"taxonomy":"product_tag","embeddable":true,"href":"https:\/\/ziveeri.com\/index.php\/wp-json\/wp\/v2\/product_tag?post=7056"}],"curies":[{"name":"wp","href":"https:\/\/api.w.org\/{rel}","templated":true}]}}