{"id":44,"date":"2018-11-05T13:59:15","date_gmt":"2018-11-05T13:59:15","guid":{"rendered":"https:\/\/gioia.qodeinteractive.com\/?page_id=44"},"modified":"2023-03-20T10:07:40","modified_gmt":"2023-03-20T10:07:40","slug":"about-ziveeri","status":"publish","type":"page","link":"https:\/\/ziveeri.com\/index.php\/about-ziveeri\/","title":{"rendered":"About Me"},"content":{"rendered":"<p>[vc_row content_placement=\u00a0\u00bbmiddle\u00a0\u00bb][vc_column offset=\u00a0\u00bbvc_col-lg-6 vc_col-md-12&Prime;]<div class=\"eltdf-elements-holder   eltdf-one-column  eltdf-responsive-mode-768 \" ><div class=\"eltdf-eh-item    \" style=\"background-image: url(https:\/\/ziveeri.com\/wp-content\/uploads\/2023\/02\/03-2.jpg)\" data-item-class=\"eltdf-eh-custom-9058\" data-1367-1600=\"117% 0px 0px 0px\" data-1025-1366=\"119% 0px 0px 0px\" data-769-1024=\"98% 0px 0px 0px\" data-681-768=\"102% 0px 0px 0px\" data-680=\"100% 0px 0px 0px\">\n\t<div class=\"eltdf-eh-item-inner\">\n\t\t<div class=\"eltdf-eh-item-content eltdf-eh-custom-9058\" style=\"padding: 99% 0px 0px 0px\">\n\t\t\t\t\t<\/div>\n\t<\/div>\n<\/div><\/div>[\/vc_column][vc_column offset=\u00a0\u00bbvc_col-lg-6 vc_col-md-12&Prime;]<div class=\"eltdf-elements-holder   eltdf-one-column  eltdf-responsive-mode-768 \" ><div class=\"eltdf-eh-item    \"  data-item-class=\"eltdf-eh-custom-3485\" data-1367-1600=\"14.1% 18% 0px 12.8%\" data-1025-1366=\"13.5% 15% 0px 11.8%\" data-769-1024=\"9% 37% 0px 12.8%\" data-681-768=\"10% 24% 0px 14.8%\" data-680=\"13px 9% 0px 9%\">\n\t<div class=\"eltdf-eh-item-inner\">\n\t\t<div class=\"eltdf-eh-item-content eltdf-eh-custom-3485\" style=\"padding: 0px 35% 0px 14.8%\">\n\t\t\t<h5 class=\"eltdf-custom-font-holder  eltdf-cf-4661  \" style=\"text-transform: capitalize;color: #dd9933\" data-item-class=\"eltdf-cf-4661\">\n\tA propos<\/h5><h1 class=\"eltdf-custom-font-holder  eltdf-cf-8975  \" style=\"margin: -34px 0px 0px 0px\" data-item-class=\"eltdf-cf-8975\">\n\tZIVEERI<\/h1>[vc_empty_space height=\u00a0\u00bb22px\u00a0\u00bb][vc_separator color=\u00a0\u00bbwhite\u00a0\u00bb align=\u00a0\u00bbalign_left\u00a0\u00bb style=\u00a0\u00bbdotted\u00a0\u00bb el_width=\u00a0\u00bb60&Prime; el_class=\u00a0\u00bbeltdf-dotted-border-bottom-black\u00a0\u00bb][vc_empty_space height=\u00a0\u00bb17px\u00a0\u00bb][vc_column_text]<\/p>\n<div class=\"group w-full text-gray-800 dark:text-gray-100 border-b border-black\/10 dark:border-gray-900\/50 bg-gray-50 dark:bg-&#091;#444654&#093;\">\n<div class=\"text-base gap-4 md:gap-6 md:max-w-2xl lg:max-w-2xl xl:max-w-3xl p-4 md:py-6 flex lg:px-0 m-auto\">\n<div class=\"relative flex w-&#091;calc(100%-50px)&#093; flex-col gap-1 md:gap-3 lg:w-&#091;calc(100%-115px)&#093;\">\n<div class=\"flex flex-grow flex-col gap-3\">\n<div class=\"min-h-&#091;20px&#093; flex flex-col items-start gap-4 whitespace-pre-wrap\">\n<div class=\"markdown prose w-full break-words dark:prose-invert light\">\n<p style=\"text-align: left;\">ZIVEERI est une marque de cuir marocain qui sait allier tradition et modernit\u00e9 pour cr\u00e9er des produits intemporels qui suivent les tendances design. Nos designers talentueux s&rsquo;inspirent de la richesse culturelle marocaine pour cr\u00e9er des produits uniques et \u00e9l\u00e9gants, en utilisant des couleurs vibrantes et des motifs originaux. Les produits ZIVEERI se d\u00e9marquent par leur style intemporel, qui transcende les modes et les \u00e9poques.<\/p>\n<p style=\"text-align: left;\">Les <a href=\"https:\/\/ziveeri.com\/index.php\/product-category\/leather-kackets-for-men\/\">vestes<\/a>, ceintures, sacs \u00e0 main, les porte-documents, les porte-monnaie et autres accessoires de la marque sont non seulement fonctionnels mais \u00e9galement \u00e9l\u00e9gants et intemporels. Ils sont parfaits pour les femmes et les hommes qui appr\u00e9cient la qualit\u00e9, le design et l&rsquo;artisanat.<\/p>\n<p style=\"text-align: left;\">Nous travaillons en \u00e9troite collaboration avec des experts du cuir pour s\u00e9lectionner les mati\u00e8res premi\u00e8res les plus qualitatives, et ainsi offrir \u00e0 nos clients des produits haut de gamme, r\u00e9sistants et durables. Chez ZIVEERI, nous sommes fiers de cr\u00e9er des accessoires de mode en cuir qui allient le savoir-faire artisanal marocain \u00e0 une esth\u00e9tique moderne et contemporaine.<\/p>\n<\/div>\n<\/div>\n<\/div>\n<\/div>\n<\/div>\n<\/div>\n<p>[\/vc_column_text][vc_empty_space height=\u00a0\u00bb14px\u00a0\u00bb][vc_column_text]<span style=\"font-family: Barlow Condensed; font-size: 19px; font-weight: 500; line-height: 22px; color: #e08686;\">TWITTER\u00a0\u00a0<\/span>\u00a0<a href=\"https:\/\/twitter.com\/ElatedThemes?lang=en\" target=\"_blank\" rel=\"noopener noreferrer\"><span style=\"font-family: Heebo; font-size: 13px; font-weight: 400; line-height: 22px;\">https:\/\/twitter.com\/<\/span><\/a><\/p>\n<p><span style=\"font-family: Barlow Condensed; font-size: 19px; font-weight: 500; line-height: 22px; color: #e08686;\">INSTAGRAM\u00a0 \u00a0<\/span><a href=\"https:\/\/www.instagram.com\/elatedthemes\/\" target=\"_blank\" rel=\"noopener noreferrer\"><span style=\"font-family: Heebo; font-size: 13px; font-weight: 400; line-height: 22px;\">https:\/\/instagram.com\/<\/span><\/a><\/p>\n<p><span style=\"font-family: Barlow Condensed; font-size: 19px; font-weight: 500; line-height: 22px; color: #e08686;\">FACEBOOK\u00a0\u00a0<\/span>\u00a0<a href=\"https:\/\/www.facebook.com\/Elated-Themes-1889004714470831\/\" target=\"_blank\" rel=\"noopener noreferrer\"><span style=\"font-family: Heebo; font-size: 13px; font-weight: 400; line-height: 22px;\">https:\/\/facebook.com<\/span><\/a>[\/vc_column_text]\t\t<\/div>\n\t<\/div>\n<\/div><\/div><div class=\"eltdf-elements-holder   eltdf-one-column  eltdf-responsive-mode-768 \" ><div class=\"eltdf-eh-item    \"  data-item-class=\"eltdf-eh-custom-5896\" data-769-1024=\"43px 35% 11.7% 10.6%\" data-681-768=\"43px 35% 79px 10.6%\" data-680=\"43px 35% 52px 5.6%\">\n\t<div class=\"eltdf-eh-item-inner\">\n\t\t<div class=\"eltdf-eh-item-content eltdf-eh-custom-5896\" style=\"padding: 43px 35% 0px 10.6%\">\n\t\t\t<div class=\"eltdf-single-image-holder   \">\n    <div class=\"eltdf-si-inner\" >\n                                    <img loading=\"lazy\" decoding=\"async\" width=\"291\" height=\"97\" src=\"https:\/\/ziveeri.com\/wp-content\/uploads\/2018\/11\/p1-img-2.png\" class=\"attachment-full size-full\" alt=\"f\" \/>                        <\/div>\n\t<\/div>\t\t<\/div>\n\t<\/div>\n<\/div><\/div>[\/vc_column][\/vc_row]<\/p>\n","protected":false},"excerpt":{"rendered":"<p>[vc_row content_placement=\u00a0\u00bbmiddle\u00a0\u00bb][vc_column offset=\u00a0\u00bbvc_col-lg-6 vc_col-md-12&Prime;][\/vc_column][vc_column offset=\u00a0\u00bbvc_col-lg-6 vc_col-md-12&Prime;][\/vc_column][\/vc_row]<\/p>\n","protected":false},"author":1,"featured_media":0,"parent":0,"menu_order":0,"comment_status":"closed","ping_status":"closed","template":"","meta":{"footnotes":""},"class_list":["post-44","page","type-page","status-publish","hentry"],"_links":{"self":[{"href":"https:\/\/ziveeri.com\/index.php\/wp-json\/wp\/v2\/pages\/44"}],"collection":[{"href":"https:\/\/ziveeri.com\/index.php\/wp-json\/wp\/v2\/pages"}],"about":[{"href":"https:\/\/ziveeri.com\/index.php\/wp-json\/wp\/v2\/types\/page"}],"author":[{"embeddable":true,"href":"https:\/\/ziveeri.com\/index.php\/wp-json\/wp\/v2\/users\/1"}],"replies":[{"embeddable":true,"href":"https:\/\/ziveeri.com\/index.php\/wp-json\/wp\/v2\/comments?post=44"}],"version-history":[{"count":10,"href":"https:\/\/ziveeri.com\/index.php\/wp-json\/wp\/v2\/pages\/44\/revisions"}],"predecessor-version":[{"id":7262,"href":"https:\/\/ziveeri.com\/index.php\/wp-json\/wp\/v2\/pages\/44\/revisions\/7262"}],"wp:attachment":[{"href":"https:\/\/ziveeri.com\/index.php\/wp-json\/wp\/v2\/media?parent=44"}],"curies":[{"name":"wp","href":"https:\/\/api.w.org\/{rel}","templated":true}]}}